{"id":16957,"date":"2021-03-06T16:01:47","date_gmt":"2021-03-06T16:01:47","guid":{"rendered":"https:\/\/pecat.si\/cookies\/"},"modified":"2023-11-26T18:58:05","modified_gmt":"2023-11-26T18:58:05","slug":"cookies","status":"publish","type":"page","link":"https:\/\/pecat.si\/en\/cookies\/","title":{"rendered":"Cookies"},"content":{"rendered":"\t\t<div data-elementor-type=\"wp-page\" data-elementor-id=\"16957\" class=\"elementor elementor-16957 elementor-11251\">\n\t\t\t\t\t\t<section class=\"elementor-section elementor-top-section elementor-element elementor-element-feff249 elementor-section-boxed elementor-section-height-default elementor-section-height-default\" data-id=\"feff249\" data-element_type=\"section\">\n\t\t\t\t\t\t<div class=\"elementor-container elementor-column-gap-default\">\n\t\t\t\t\t<div class=\"elementor-column elementor-col-100 elementor-top-column elementor-element elementor-element-d60f617\" data-id=\"d60f617\" data-element_type=\"column\">\n\t\t\t<div class=\"elementor-widget-wrap elementor-element-populated\">\n\t\t\t\t\t\t<div class=\"elementor-element elementor-element-c7d42fd elementor-widget elementor-widget-heading\" data-id=\"c7d42fd\" data-element_type=\"widget\" data-widget_type=\"heading.default\">\n\t\t\t\t<div class=\"elementor-widget-container\">\n\t\t\t\t\t<h1 class=\"elementor-heading-title elementor-size-large\">Cookies<\/h1>\t\t\t\t<\/div>\n\t\t\t\t<\/div>\n\t\t\t\t<div class=\"elementor-element elementor-element-c5a385a elementor-widget elementor-widget-text-editor\" data-id=\"c5a385a\" data-element_type=\"widget\" data-widget_type=\"text-editor.default\">\n\t\t\t\t<div class=\"elementor-widget-container\">\n\t\t\t\t\t\t\t\t\t<p>If you are a visitor to the website www.pecat.si (hereinafter: online store), which is managed by PE\u010cAT, Ur\u0161ka Bra\u010dko s.p. (hereinafter: the provider), we collect data about you using cookies. The online store uses cookies for a better user experience of the website and the display of advertisements.<\/p>\n<p>Cookies are small text files that most websites store on users&#8217; devices with which they access the Internet in order to identify the individual devices that users used to access. Their storage is under the full control of the browser used by the user &#8211; it can limit or disable the storage of cookies as desired.<\/p>\n<h2>1. Why are cookies necessary?<\/h2>\n<p>Cookies are used by most websites, they are a convenient means of keeping content fresh and appropriate, which is in line with the interests and preferences of the individual web user.<\/p>\n<p>By using cookies, the provider collects the following data from website visitors:<\/p>\n<ul>\n<li>number of site visitors;<\/li>\n<li>information that we use to research how visitors move around the site to see where to place content;<\/li>\n<li>information necessary for the operation of websites;<\/li>\n<li>information about the device (type, brand and type);<\/li>\n<li>information about the operating system (type and version);<\/li>\n<li>information about the web browser (type and version);<\/li>\n<li>information about screen settings (eg resolution);<\/li>\n<li>information about language settings;<\/li>\n<li>information about the pages that have been viewed.<\/li>\n<\/ul>\n<h2>2. How can I manage cookies?<\/h2>\n<p>If you do not agree to the use of cookies in our online store, you can select this option within the cookie notice. You always have the option to accept or reject cookies. Most web browsers automatically accept cookies. You can also completely prevent the installation of cookies in your browser for all visited websites. You can delete cookies already stored on your computer.<\/p>\n<h2>3. How long do we keep information?<\/h2>\n<p>This depends on the type of cookie. Session cookies expire when you close your web browser. Persistent cookies can only expire after a few months or even a few years. You can delete cookies yourself in your web browser.<\/p>\n<p>We use the following cookies for a better user experience, the display of advertisements and the operation of social media:<\/p>\n<ul>\n<li>Google Analytics<\/li>\n<li>Facebook<\/li>\n<\/ul>\n\t\t\t\t\t\t\t\t<\/div>\n\t\t\t\t<\/div>\n\t\t\t\t\t<\/div>\n\t\t<\/div>\n\t\t\t\t\t<\/div>\n\t\t<\/section>\n\t\t\t\t<\/div>\n\t\t","protected":false},"excerpt":{"rendered":"<p>Cookies If you are a visitor to the website www.pecat.si (hereinafter: online store), which is managed by PE\u010cAT, Ur\u0161ka Bra\u010dko s.p. (hereinafter: the provider), we collect data about you using cookies. The online store uses cookies for a better user experience of the website and the display of advertisements. Cookies are small text files that [&hellip;]<\/p>\n","protected":false},"author":1,"featured_media":0,"parent":0,"menu_order":0,"comment_status":"closed","ping_status":"closed","template":"","meta":{"footnotes":""},"yoast_head":"<!-- This site is optimized with the Yoast SEO plugin v23.7 - https:\/\/yoast.com\/wordpress\/plugins\/seo\/ -->\n<title>Cookies - Pe\u010dat<\/title>\n<meta name=\"robots\" content=\"index, follow, max-snippet:-1, max-image-preview:large, max-video-preview:-1\" \/>\n<link rel=\"canonical\" href=\"https:\/\/pecat.si\/en\/cookies\/\" \/>\n<meta property=\"og:locale\" content=\"en_US\" \/>\n<meta property=\"og:type\" content=\"article\" \/>\n<meta property=\"og:title\" content=\"Cookies - Pe\u010dat\" \/>\n<meta property=\"og:description\" content=\"Cookies If you are a visitor to the website www.pecat.si (hereinafter: online store), which is managed by PE\u010cAT, Ur\u0161ka Bra\u010dko s.p. (hereinafter: the provider), we collect data about you using cookies. The online store uses cookies for a better user experience of the website and the display of advertisements. Cookies are small text files that [&hellip;]\" \/>\n<meta property=\"og:url\" content=\"https:\/\/pecat.si\/en\/cookies\/\" \/>\n<meta property=\"og:site_name\" content=\"Pe\u010dat\" \/>\n<meta property=\"article:publisher\" content=\"https:\/\/www.facebook.com\/pecat.si\" \/>\n<meta property=\"article:modified_time\" content=\"2023-11-26T18:58:05+00:00\" \/>\n<meta name=\"twitter:card\" content=\"summary_large_image\" \/>\n<meta name=\"twitter:label1\" content=\"Est. reading time\" \/>\n\t<meta name=\"twitter:data1\" content=\"3 minutes\" \/>\n<script type=\"application\/ld+json\" class=\"yoast-schema-graph\">{\"@context\":\"https:\/\/schema.org\",\"@graph\":[{\"@type\":\"WebPage\",\"@id\":\"https:\/\/pecat.si\/en\/cookies\/\",\"url\":\"https:\/\/pecat.si\/en\/cookies\/\",\"name\":\"Cookies - Pe\u010dat\",\"isPartOf\":{\"@id\":\"https:\/\/pecat.si\/en\/#website\"},\"datePublished\":\"2021-03-06T16:01:47+00:00\",\"dateModified\":\"2023-11-26T18:58:05+00:00\",\"breadcrumb\":{\"@id\":\"https:\/\/pecat.si\/en\/cookies\/#breadcrumb\"},\"inLanguage\":\"en-US\",\"potentialAction\":[{\"@type\":\"ReadAction\",\"target\":[\"https:\/\/pecat.si\/en\/cookies\/\"]}]},{\"@type\":\"BreadcrumbList\",\"@id\":\"https:\/\/pecat.si\/en\/cookies\/#breadcrumb\",\"itemListElement\":[{\"@type\":\"ListItem\",\"position\":1,\"name\":\"Doma\u010da stran\",\"item\":\"https:\/\/pecat.si\/en\/\"},{\"@type\":\"ListItem\",\"position\":2,\"name\":\"Cookies\"}]},{\"@type\":\"WebSite\",\"@id\":\"https:\/\/pecat.si\/en\/#website\",\"url\":\"https:\/\/pecat.si\/en\/\",\"name\":\"Pe\u010dat\",\"description\":\"vse za ustvarjanje pe\u010datov\",\"publisher\":{\"@id\":\"https:\/\/pecat.si\/en\/#organization\"},\"potentialAction\":[{\"@type\":\"SearchAction\",\"target\":{\"@type\":\"EntryPoint\",\"urlTemplate\":\"https:\/\/pecat.si\/en\/?s={search_term_string}\"},\"query-input\":{\"@type\":\"PropertyValueSpecification\",\"valueRequired\":true,\"valueName\":\"search_term_string\"}}],\"inLanguage\":\"en-US\"},{\"@type\":\"Organization\",\"@id\":\"https:\/\/pecat.si\/en\/#organization\",\"name\":\"PE\u010cAT\",\"url\":\"https:\/\/pecat.si\/en\/\",\"logo\":{\"@type\":\"ImageObject\",\"inLanguage\":\"en-US\",\"@id\":\"https:\/\/pecat.si\/en\/#\/schema\/logo\/image\/\",\"url\":\"https:\/\/pecat.si\/wp-content\/uploads\/2021\/07\/pecat_logo.png\",\"contentUrl\":\"https:\/\/pecat.si\/wp-content\/uploads\/2021\/07\/pecat_logo.png\",\"width\":164,\"height\":45,\"caption\":\"PE\u010cAT\"},\"image\":{\"@id\":\"https:\/\/pecat.si\/en\/#\/schema\/logo\/image\/\"},\"sameAs\":[\"https:\/\/www.facebook.com\/pecat.si\",\"https:\/\/www.instagram.com\/pecat.si\/\",\"https:\/\/www.youtube.com\/channel\/UC0AJKC96h7VoHW29eK626tw\"]}]}<\/script>\n<!-- \/ Yoast SEO plugin. -->","yoast_head_json":{"title":"Cookies - Pe\u010dat","robots":{"index":"index","follow":"follow","max-snippet":"max-snippet:-1","max-image-preview":"max-image-preview:large","max-video-preview":"max-video-preview:-1"},"canonical":"https:\/\/pecat.si\/en\/cookies\/","og_locale":"en_US","og_type":"article","og_title":"Cookies - Pe\u010dat","og_description":"Cookies If you are a visitor to the website www.pecat.si (hereinafter: online store), which is managed by PE\u010cAT, Ur\u0161ka Bra\u010dko s.p. (hereinafter: the provider), we collect data about you using cookies. The online store uses cookies for a better user experience of the website and the display of advertisements. Cookies are small text files that [&hellip;]","og_url":"https:\/\/pecat.si\/en\/cookies\/","og_site_name":"Pe\u010dat","article_publisher":"https:\/\/www.facebook.com\/pecat.si","article_modified_time":"2023-11-26T18:58:05+00:00","twitter_card":"summary_large_image","twitter_misc":{"Est. reading time":"3 minutes"},"schema":{"@context":"https:\/\/schema.org","@graph":[{"@type":"WebPage","@id":"https:\/\/pecat.si\/en\/cookies\/","url":"https:\/\/pecat.si\/en\/cookies\/","name":"Cookies - Pe\u010dat","isPartOf":{"@id":"https:\/\/pecat.si\/en\/#website"},"datePublished":"2021-03-06T16:01:47+00:00","dateModified":"2023-11-26T18:58:05+00:00","breadcrumb":{"@id":"https:\/\/pecat.si\/en\/cookies\/#breadcrumb"},"inLanguage":"en-US","potentialAction":[{"@type":"ReadAction","target":["https:\/\/pecat.si\/en\/cookies\/"]}]},{"@type":"BreadcrumbList","@id":"https:\/\/pecat.si\/en\/cookies\/#breadcrumb","itemListElement":[{"@type":"ListItem","position":1,"name":"Doma\u010da stran","item":"https:\/\/pecat.si\/en\/"},{"@type":"ListItem","position":2,"name":"Cookies"}]},{"@type":"WebSite","@id":"https:\/\/pecat.si\/en\/#website","url":"https:\/\/pecat.si\/en\/","name":"Pe\u010dat","description":"vse za ustvarjanje pe\u010datov","publisher":{"@id":"https:\/\/pecat.si\/en\/#organization"},"potentialAction":[{"@type":"SearchAction","target":{"@type":"EntryPoint","urlTemplate":"https:\/\/pecat.si\/en\/?s={search_term_string}"},"query-input":{"@type":"PropertyValueSpecification","valueRequired":true,"valueName":"search_term_string"}}],"inLanguage":"en-US"},{"@type":"Organization","@id":"https:\/\/pecat.si\/en\/#organization","name":"PE\u010cAT","url":"https:\/\/pecat.si\/en\/","logo":{"@type":"ImageObject","inLanguage":"en-US","@id":"https:\/\/pecat.si\/en\/#\/schema\/logo\/image\/","url":"https:\/\/pecat.si\/wp-content\/uploads\/2021\/07\/pecat_logo.png","contentUrl":"https:\/\/pecat.si\/wp-content\/uploads\/2021\/07\/pecat_logo.png","width":164,"height":45,"caption":"PE\u010cAT"},"image":{"@id":"https:\/\/pecat.si\/en\/#\/schema\/logo\/image\/"},"sameAs":["https:\/\/www.facebook.com\/pecat.si","https:\/\/www.instagram.com\/pecat.si\/","https:\/\/www.youtube.com\/channel\/UC0AJKC96h7VoHW29eK626tw"]}]}},"_links":{"self":[{"href":"https:\/\/pecat.si\/en\/wp-json\/wp\/v2\/pages\/16957"}],"collection":[{"href":"https:\/\/pecat.si\/en\/wp-json\/wp\/v2\/pages"}],"about":[{"href":"https:\/\/pecat.si\/en\/wp-json\/wp\/v2\/types\/page"}],"author":[{"embeddable":true,"href":"https:\/\/pecat.si\/en\/wp-json\/wp\/v2\/users\/1"}],"replies":[{"embeddable":true,"href":"https:\/\/pecat.si\/en\/wp-json\/wp\/v2\/comments?post=16957"}],"version-history":[{"count":1,"href":"https:\/\/pecat.si\/en\/wp-json\/wp\/v2\/pages\/16957\/revisions"}],"predecessor-version":[{"id":16958,"href":"https:\/\/pecat.si\/en\/wp-json\/wp\/v2\/pages\/16957\/revisions\/16958"}],"wp:attachment":[{"href":"https:\/\/pecat.si\/en\/wp-json\/wp\/v2\/media?parent=16957"}],"curies":[{"name":"wp","href":"https:\/\/api.w.org\/{rel}","templated":true}]}}